{"id":7,"date":"2017-03-02T10:50:22","date_gmt":"2017-03-02T13:50:22","guid":{"rendered":"http:\/\/wp.andreavdiaz.com.ar\/?page_id=7"},"modified":"2017-03-02T10:50:22","modified_gmt":"2017-03-02T13:50:22","slug":"acerca-de-mi","status":"publish","type":"page","link":"https:\/\/andreavdiaz.com.ar\/blog\/acerca-de-mi\/","title":{"rendered":"Acerca de mi&#8230;"},"content":{"rendered":"<p>Hola!! Mi nombre es Andrea Vanina Diaz, me desempe\u00f1o como docente en la ciudad de Col\u00f3n, provincia de Entre R\u00edos. Actualmente doy clases en tres escuelas de nivel medio; ellas son: la EET N\u00ba 2 \u00abC. N. Goiburu\u00bb, la Esc. Normal Superior \u00abRca. Oriental del Uruguay\u00bb y en el Instituto \u00abMadre Isabel Fern\u00e1ndez\u00bb; como as\u00ed tambi\u00e9n en el 1er. a\u00f1o del profesorado de Ingles, en donde dicto el taller \u00a0TIC de la c\u00e1tedra\u00a0Oralidad Lectura Escritura y TIC.<\/p>\n<p>Este sitio fue creado con la finalidad de compartir art\u00edculos, pensamientos y novedades relacionadas a las Tecnolog\u00edas Educativas; conociendo, analizando, adoptando o adaptando\u00a0(en la medida de lo posible) estrategias did\u00e1cticas-pedag\u00f3gicas, con la finalidad de enriquecer nuestra experiencia docente y generando un ambiente en donde nuestros alumnos puedan construir sus saberes de lo m\u00e1s significativa posible.<\/p>\n<p>Saludos.<\/p>\n<p>Andrea V. Diaz<\/p>\n<p style=\"text-align: right;\"><img loading=\"lazy\" decoding=\"async\" class=\"alignnone size-full wp-image-31\" src=\"http:\/\/wp.andreavdiaz.com.ar\/wp-content\/uploads\/2018\/07\/circulos-colores72.png\" alt=\"\" width=\"140\" height=\"126\" \/><\/p>\n","protected":false},"excerpt":{"rendered":"<p>Hola!! Mi nombre es Andrea Vanina Diaz, me desempe\u00f1o como docente en la ciudad de Col\u00f3n, provincia de Entre R\u00edos. Actualmente doy clases en tres escuelas de nivel medio; ellas son: la EET N\u00ba 2 \u00abC. N. Goiburu\u00bb, la Esc. <a href=\"https:\/\/andreavdiaz.com.ar\/blog\/acerca-de-mi\/\" class=\"read-more\">Leer m\u00e1s&#8230;<\/a><\/p>\n","protected":false},"author":2,"featured_media":0,"parent":0,"menu_order":0,"comment_status":"closed","ping_status":"closed","template":"","meta":{"footnotes":""},"class_list":["post-7","page","type-page","status-publish","hentry"],"_links":{"self":[{"href":"https:\/\/andreavdiaz.com.ar\/blog\/wp-json\/wp\/v2\/pages\/7","targetHints":{"allow":["GET"]}}],"collection":[{"href":"https:\/\/andreavdiaz.com.ar\/blog\/wp-json\/wp\/v2\/pages"}],"about":[{"href":"https:\/\/andreavdiaz.com.ar\/blog\/wp-json\/wp\/v2\/types\/page"}],"author":[{"embeddable":true,"href":"https:\/\/andreavdiaz.com.ar\/blog\/wp-json\/wp\/v2\/users\/2"}],"replies":[{"embeddable":true,"href":"https:\/\/andreavdiaz.com.ar\/blog\/wp-json\/wp\/v2\/comments?post=7"}],"version-history":[{"count":0,"href":"https:\/\/andreavdiaz.com.ar\/blog\/wp-json\/wp\/v2\/pages\/7\/revisions"}],"wp:attachment":[{"href":"https:\/\/andreavdiaz.com.ar\/blog\/wp-json\/wp\/v2\/media?parent=7"}],"curies":[{"name":"wp","href":"https:\/\/api.w.org\/{rel}","templated":true}]}}